{"id":4944,"date":"2019-04-27T11:43:27","date_gmt":"2019-04-27T11:43:27","guid":{"rendered":"https:\/\/smartfloor.pt\/contacts\/"},"modified":"2022-10-26T14:16:24","modified_gmt":"2022-10-26T14:16:24","slug":"contacts","status":"publish","type":"page","link":"https:\/\/smartfloor.pt\/en\/contacts\/","title":{"rendered":"Contacts"},"content":{"rendered":"\t\t<div data-elementor-type=\"wp-post\" data-elementor-id=\"4944\" class=\"elementor elementor-4944 elementor-105\">\n\t\t\t\t\t\t<div class=\"elementor-inner\">\n\t\t\t\t<div class=\"elementor-section-wrap\">\n\t\t\t\t\t\t\t\t\t<section class=\"elementor-section elementor-top-section elementor-element elementor-element-86cb09d elementor-section-stretched elementor-section-boxed elementor-section-height-default elementor-section-height-default\" data-id=\"86cb09d\" data-element_type=\"section\" data-settings=\"{&quot;stretch_section&quot;:&quot;section-stretched&quot;}\">\n\t\t\t\t\t\t<div class=\"elementor-container elementor-column-gap-default\">\n\t\t\t\t\t\t\t<div class=\"elementor-row\">\n\t\t\t\t\t<div class=\"aux-parallax-section elementor-column elementor-col-100 elementor-top-column elementor-element elementor-element-8522e34\" data-id=\"8522e34\" data-element_type=\"column\">\n\t\t\t<div class=\"elementor-column-wrap elementor-element-populated\">\n\t\t\t\t\t\t\t<div class=\"elementor-widget-wrap\">\n\t\t\t\t\t\t<div class=\"elementor-element elementor-element-0a731e1 elementor-widget elementor-widget-aux_gmap\" data-id=\"0a731e1\" data-element_type=\"widget\" data-widget_type=\"aux_gmap.default\">\n\t\t\t\t<div class=\"elementor-widget-container\">\n\t\t\t<section class=\"widget-container aux-widget-gmaps aux-parent-auaa6fdfd9\">\n    <div class=\"aux-col-wrapper aux-no-gutter\">\n        <div id=\"aux-map69eb71280e9bf\" class=\"aux-map-wrapper \" style=\"height:550px\" ><\/div>\n\n        <script>\n            jQuery( function($) {\n                if(typeof GMaps != \"function\" || typeof google === \"undefined\"){\n                    console.info( \"Please add google map API key in theme options. https:\/\/developers.google.com\/maps\/documentation\/javascript\/\" );\n                    return;\n                }\n                var map = new GMaps({\n                    el: \"#aux-map69eb71280e9bf\",\n                    lat:  41.53806525039926,\n                    lng:  -8.43386927063378,\n                    zoom: 15,\n                    scrollwheel: false,\n                                        mapTypeId: google.maps.MapTypeId.ROADMAP,\n                                        panControl : true\n                });\n\n                                map.addStyle({\n                    styledMapName:\"Auxin custom style map\",\n                    styles: [\n    {\n        \"featureType\": \"all\",\n        \"elementType\": \"labels.text.fill\",\n        \"stylers\": [\n            {\n                \"saturation\": 36\n            },\n            {\n                \"color\": \"#787878\"\n            },\n            {\n                \"lightness\": 40\n            }\n        ]\n    },\n    {\n        \"featureType\": \"all\",\n        \"elementType\": \"labels.text.stroke\",\n        \"stylers\": [\n            {\n                \"visibility\": \"off\"\n            },\n            {\n                \"color\": \"#272727\"\n            },\n            {\n                \"lightness\": 16\n            }\n        ]\n    },\n    {\n        \"featureType\": \"all\",\n        \"elementType\": \"labels.icon\",\n        \"stylers\": [\n            {\n                \"visibility\": \"off\"\n            }\n        ]\n    },\n    {\n        \"featureType\": \"administrative\",\n        \"elementType\": \"geometry.fill\",\n        \"stylers\": [\n            {\n                \"color\": \"#000000\"\n            },\n            {\n                \"lightness\": 20\n            }\n        ]\n    },\n    {\n        \"featureType\": \"administrative\",\n        \"elementType\": \"geometry.stroke\",\n        \"stylers\": [\n            {\n                \"color\": \"#000000\"\n            },\n            {\n                \"lightness\": 17\n            },\n            {\n                \"weight\": 1.2\n            }\n        ]\n    },\n    {\n        \"featureType\": \"administrative.locality\",\n        \"elementType\": \"labels\",\n        \"stylers\": [\n            {\n                \"visibility\": \"off\"\n            }\n        ]\n    },\n    {\n        \"featureType\": \"administrative.neighborhood\",\n        \"elementType\": \"labels\",\n        \"stylers\": [\n            {\n                \"visibility\": \"off\"\n            }\n        ]\n    },\n    {\n        \"featureType\": \"administrative.neighborhood\",\n        \"elementType\": \"labels.text\",\n        \"stylers\": [\n            {\n                \"visibility\": \"off\"\n            }\n        ]\n    },\n    {\n        \"featureType\": \"administrative.land_parcel\",\n        \"elementType\": \"labels\",\n        \"stylers\": [\n            {\n                \"visibility\": \"off\"\n            }\n        ]\n    },\n    {\n        \"featureType\": \"administrative.land_parcel\",\n        \"elementType\": \"labels.text\",\n        \"stylers\": [\n            {\n                \"visibility\": \"off\"\n            }\n        ]\n    },\n    {\n        \"featureType\": \"landscape\",\n        \"elementType\": \"geometry\",\n        \"stylers\": [\n            {\n                \"color\": \"#000000\"\n            },\n            {\n                \"lightness\": \"0\"\n            }\n        ]\n    },\n    {\n        \"featureType\": \"landscape.natural.terrain\",\n        \"elementType\": \"labels.text\",\n        \"stylers\": [\n            {\n                \"visibility\": \"off\"\n            }\n        ]\n    },\n    {\n        \"featureType\": \"poi\",\n        \"elementType\": \"geometry\",\n        \"stylers\": [\n            {\n                \"color\": \"#000000\"\n            },\n            {\n                \"lightness\": 21\n            },\n            {\n                \"visibility\": \"off\"\n            }\n        ]\n    },\n    {\n        \"featureType\": \"poi\",\n        \"elementType\": \"labels\",\n        \"stylers\": [\n            {\n                \"visibility\": \"off\"\n            }\n        ]\n    },\n    {\n        \"featureType\": \"poi.park\",\n        \"elementType\": \"labels\",\n        \"stylers\": [\n            {\n                \"visibility\": \"on\"\n            }\n        ]\n    },\n    {\n        \"featureType\": \"poi.park\",\n        \"elementType\": \"labels.text.stroke\",\n        \"stylers\": [\n            {\n                \"visibility\": \"off\"\n            }\n        ]\n    },\n    {\n        \"featureType\": \"poi.park\",\n        \"elementType\": \"labels.icon\",\n        \"stylers\": [\n            {\n                \"visibility\": \"off\"\n            }\n        ]\n    },\n    {\n        \"featureType\": \"poi.school\",\n        \"elementType\": \"geometry\",\n        \"stylers\": [\n            {\n                \"visibility\": \"off\"\n            }\n        ]\n    },\n    {\n        \"featureType\": \"road\",\n        \"elementType\": \"geometry.stroke\",\n        \"stylers\": [\n            {\n                \"visibility\": \"off\"\n            }\n        ]\n    },\n    {\n        \"featureType\": \"road.highway\",\n        \"elementType\": \"geometry\",\n        \"stylers\": [\n            {\n                \"color\": \"#000000\"\n            },\n            {\n                \"visibility\": \"on\"\n            },\n            {\n                \"lightness\": \"0\"\n            }\n        ]\n    },\n    {\n        \"featureType\": \"road.highway\",\n        \"elementType\": \"geometry.fill\",\n        \"stylers\": [\n            {\n                \"color\": \"#464646\"\n            },\n            {\n                \"lightness\": \"0\"\n            }\n        ]\n    },\n    {\n        \"featureType\": \"road.highway\",\n        \"elementType\": \"geometry.stroke\",\n        \"stylers\": [\n            {\n                \"color\": \"#464646\"\n            },\n            {\n                \"lightness\": \"0\"\n            },\n            {\n                \"weight\": 0.2\n            }\n        ]\n    },\n    {\n        \"featureType\": \"road.arterial\",\n        \"elementType\": \"geometry\",\n        \"stylers\": [\n            {\n                \"color\": \"#000000\"\n            },\n            {\n                \"lightness\": \"0\"\n            },\n            {\n                \"visibility\": \"off\"\n            }\n        ]\n    },\n    {\n        \"featureType\": \"road.arterial\",\n        \"elementType\": \"geometry.fill\",\n        \"stylers\": [\n            {\n                \"visibility\": \"on\"\n            },\n            {\n                \"color\": \"#464646\"\n            },\n            {\n                \"lightness\": \"0\"\n            }\n        ]\n    },\n    {\n        \"featureType\": \"road.arterial\",\n        \"elementType\": \"geometry.stroke\",\n        \"stylers\": [\n            {\n                \"visibility\": \"off\"\n            }\n        ]\n    },\n    {\n        \"featureType\": \"road.local\",\n        \"elementType\": \"geometry\",\n        \"stylers\": [\n            {\n                \"color\": \"#0f0f0f\"\n            },\n            {\n                \"lightness\": 16\n            }\n        ]\n    },\n    {\n        \"featureType\": \"road.local\",\n        \"elementType\": \"labels\",\n        \"stylers\": [\n            {\n                \"visibility\": \"off\"\n            }\n        ]\n    },\n    {\n        \"featureType\": \"transit\",\n        \"elementType\": \"geometry\",\n        \"stylers\": [\n            {\n                \"color\": \"#000000\"\n            },\n            {\n                \"lightness\": \"34\"\n            },\n            {\n                \"visibility\": \"off\"\n            }\n        ]\n    },\n    {\n        \"featureType\": \"transit\",\n        \"elementType\": \"geometry.fill\",\n        \"stylers\": [\n            {\n                \"visibility\": \"off\"\n            }\n        ]\n    },\n    {\n        \"featureType\": \"transit.line\",\n        \"elementType\": \"geometry\",\n        \"stylers\": [\n            {\n                \"visibility\": \"off\"\n            }\n        ]\n    },\n    {\n        \"featureType\": \"transit.station.rail\",\n        \"elementType\": \"all\",\n        \"stylers\": [\n            {\n                \"visibility\": \"off\"\n            }\n        ]\n    },\n    {\n        \"featureType\": \"transit.station.rail\",\n        \"elementType\": \"geometry.fill\",\n        \"stylers\": [\n            {\n                \"color\": \"#000000\"\n            },\n            {\n                \"visibility\": \"off\"\n            }\n        ]\n    },\n    {\n        \"featureType\": \"water\",\n        \"elementType\": \"geometry\",\n        \"stylers\": [\n            {\n                \"color\": \"#0f0f0f\"\n            },\n            {\n                \"lightness\": 17\n            }\n        ]\n    },\n    {\n        \"featureType\": \"water\",\n        \"elementType\": \"labels.text\",\n        \"stylers\": [\n            {\n                \"visibility\": \"off\"\n            }\n        ]\n    }\n],\n                    mapTypeId: \"aux_map_style\"\n                });\n\n                map.setStyle(\"aux_map_style\");\n                                map.addMarker({\n                                        lat : 41.53806525039926,\n                    lng : -8.43386927063378,\n                                            icon: \"https:\/\/smartfloor.pt\/wp-content\/uploads\/2019\/04\/map-pin.png\"\n                    \n                });\n           });\n\n        <\/script>\n\n    <\/div><!-- aux-col-wrapper -->\n\n<\/section><!-- widget-container -->\t\t<\/div>\n\t\t\t\t<\/div>\n\t\t\t\t\t\t<\/div>\n\t\t\t\t\t<\/div>\n\t\t<\/div>\n\t\t\t\t\t\t\t\t<\/div>\n\t\t\t\t\t<\/div>\n\t\t<\/section>\n\t\t\t\t<section class=\"elementor-section elementor-top-section elementor-element elementor-element-d7f9fef elementor_width_fix elementor-section-stretched elementor-section-boxed elementor-section-height-default elementor-section-height-default\" data-id=\"d7f9fef\" data-element_type=\"section\" data-settings=\"{&quot;stretch_section&quot;:&quot;section-stretched&quot;}\">\n\t\t\t\t\t\t<div class=\"elementor-container elementor-column-gap-default\">\n\t\t\t\t\t\t\t<div class=\"elementor-row\">\n\t\t\t\t\t<div class=\"aux-parallax-section elementor-column elementor-col-100 elementor-top-column elementor-element elementor-element-e860ab8\" data-id=\"e860ab8\" data-element_type=\"column\">\n\t\t\t<div class=\"elementor-column-wrap elementor-element-populated\">\n\t\t\t\t\t\t\t<div class=\"elementor-widget-wrap\">\n\t\t\t\t\t\t<section class=\"elementor-section elementor-inner-section elementor-element elementor-element-bd4cbec contact_page_form elementor-section-boxed elementor-section-height-default elementor-section-height-default\" data-id=\"bd4cbec\" data-element_type=\"section\" data-settings=\"{&quot;background_background&quot;:&quot;classic&quot;}\">\n\t\t\t\t\t\t<div class=\"elementor-container elementor-column-gap-default\">\n\t\t\t\t\t\t\t<div class=\"elementor-row\">\n\t\t\t\t\t<div class=\"aux-parallax-section elementor-column elementor-col-100 elementor-inner-column elementor-element elementor-element-7cd1bb3 aux-appear-watch-animation aux-fade-in-up\" data-id=\"7cd1bb3\" data-element_type=\"column\">\n\t\t\t<div class=\"elementor-column-wrap elementor-element-populated\">\n\t\t\t\t\t\t\t<div class=\"elementor-widget-wrap\">\n\t\t\t\t\t\t<div class=\"elementor-element elementor-element-eba1cf4 aux-appear-watch-animation aux-fade-in-up elementor-widget elementor-widget-aux_modern_heading\" data-id=\"eba1cf4\" data-element_type=\"widget\" data-widget_type=\"aux_modern_heading.default\">\n\t\t\t\t<div class=\"elementor-widget-container\">\n\t\t\t<section class=\"aux-widget-modern-heading\">\n            <div class=\"aux-widget-inner\"><h2 class=\"aux-modern-heading-primary\">Contact Form<\/h2><\/div>\n        <\/section>\t\t<\/div>\n\t\t\t\t<\/div>\n\t\t\t\t<div class=\"elementor-element elementor-element-b1ea16e aux-appear-watch-animation aux-fade-in-up elementor-widget elementor-widget-aux_contact_form\" data-id=\"b1ea16e\" data-element_type=\"widget\" data-widget_type=\"aux_contact_form.default\">\n\t\t\t\t<div class=\"elementor-widget-container\">\n\t\t\t<section class=\"widget-container aux-widget-contact-form aux-parent-aucdeca7c1\">            <div class=\"aux-col-wrapper aux-no-gutter\">\n            <!-- @TODO - The output for element here -->\n\n            \n<div class=\"wpcf7 no-js\" id=\"wpcf7-f5007-o1\" lang=\"en-US\" dir=\"ltr\">\n<div class=\"screen-reader-response\"><p role=\"status\" aria-live=\"polite\" aria-atomic=\"true\"><\/p> <ul><\/ul><\/div>\n<form action=\"\/en\/wp-json\/wp\/v2\/pages\/4944#wpcf7-f5007-o1\" method=\"post\" class=\"wpcf7-form init\" aria-label=\"Contact form\" novalidate=\"novalidate\" data-status=\"init\">\n<div style=\"display: none;\">\n<input type=\"hidden\" name=\"_wpcf7\" value=\"5007\" \/>\n<input type=\"hidden\" name=\"_wpcf7_version\" value=\"5.8\" \/>\n<input type=\"hidden\" name=\"_wpcf7_locale\" value=\"en_US\" \/>\n<input type=\"hidden\" name=\"_wpcf7_unit_tag\" value=\"wpcf7-f5007-o1\" \/>\n<input type=\"hidden\" name=\"_wpcf7_container_post\" value=\"0\" \/>\n<input type=\"hidden\" name=\"_wpcf7_posted_data_hash\" value=\"\" \/>\n<input type=\"hidden\" name=\"_wpcf7cf_hidden_group_fields\" value=\"[]\" \/>\n<input type=\"hidden\" name=\"_wpcf7cf_hidden_groups\" value=\"[]\" \/>\n<input type=\"hidden\" name=\"_wpcf7cf_visible_groups\" value=\"[]\" \/>\n<input type=\"hidden\" name=\"_wpcf7cf_repeaters\" value=\"[]\" \/>\n<input type=\"hidden\" name=\"_wpcf7cf_steps\" value=\"{}\" \/>\n<input type=\"hidden\" name=\"_wpcf7cf_options\" value=\"{&quot;form_id&quot;:5007,&quot;conditions&quot;:[],&quot;settings&quot;:{&quot;animation&quot;:&quot;yes&quot;,&quot;animation_intime&quot;:200,&quot;animation_outtime&quot;:200,&quot;conditions_ui&quot;:&quot;normal&quot;,&quot;notice_dismissed&quot;:false}}\" \/>\n<\/div>\n<div class=\"aux-modern-form\">\n\t<div class=\"aux-interior-contact-form\">\n\t\t<div class=\"aux-input-group\">\n\t\t\t<p><span class=\"wpcf7-form-control-wrap\" data-name=\"menu-415\"><select class=\"wpcf7-form-control wpcf7-select\" aria-invalid=\"false\" name=\"menu-415\"><option value=\"Select Option\">Select Option<\/option><option value=\"Request a Quote\">Request a Quote<\/option><option value=\"Request Information\">Request Information<\/option><\/select><\/span>\n\t\t\t<\/p>\n\t\t<\/div>\n\t\t<div class=\"aux-input-group\">\n\t\t\t<p><span class=\"wpcf7-form-control-wrap\" data-name=\"your-name\"><input size=\"40\" class=\"wpcf7-form-control wpcf7-text wpcf7-validates-as-required\" id=\"name\" aria-required=\"true\" aria-invalid=\"false\" value=\"\" type=\"text\" name=\"your-name\" \/><\/span><br \/>\n<label for=\"name\">Name (obligatory)<\/label>\n\t\t\t<\/p>\n\t\t\t<div class=\"aux-modern-form-border\">\n\t\t\t<\/div>\n\t\t<\/div>\n\t\t<div class=\"aux-input-group\">\n\t\t\t<p><span class=\"wpcf7-form-control-wrap\" data-name=\"tel-966\"><input size=\"40\" class=\"wpcf7-form-control wpcf7-text\" aria-invalid=\"false\" value=\"\" type=\"text\" name=\"tel-966\" \/><\/span><br \/>\n<label for=\"name\">Telephone<\/label>\n\t\t\t<\/p>\n\t\t\t<div class=\"aux-modern-form-border\">\n\t\t\t<\/div>\n\t\t<\/div>\n\t<\/div>\n\t<div class=\"aux-input-group\">\n\t\t<p><span class=\"wpcf7-form-control-wrap\" data-name=\"your-email\"><input size=\"40\" class=\"wpcf7-form-control wpcf7-email wpcf7-validates-as-required wpcf7-text wpcf7-validates-as-email\" id=\"email\" aria-required=\"true\" aria-invalid=\"false\" value=\"\" type=\"email\" name=\"your-email\" \/><\/span><br \/>\n<label for=\"email\">E-mail (obligatory)<\/label>\n\t\t<\/p>\n\t\t<div class=\"aux-modern-form-border\">\n\t\t<\/div>\n\t<\/div>\n\t<div class=\"aux-input-group\">\n\t\t<p><span class=\"wpcf7-form-control-wrap\" data-name=\"your-message\"><textarea cols=\"40\" rows=\"10\" class=\"wpcf7-form-control wpcf7-textarea\" id=\"message\" aria-invalid=\"false\" name=\"your-message\"><\/textarea><\/span><br \/>\n<label for=\"message\">Message<\/label>\n\t\t<\/p>\n\t\t<div class=\"aux-modern-form-border\">\n\t\t<\/div>\n\t<\/div>\n\t<p><span class=\"wpcf7-form-control-wrap\" data-name=\"acceptance-675\"><span class=\"wpcf7-form-control wpcf7-acceptance\"><span class=\"wpcf7-list-item\"><label><input type=\"checkbox\" name=\"acceptance-675\" value=\"1\" aria-invalid=\"false\" \/><span class=\"wpcf7-list-item-label\">By submitting this form, you accept our <a href=\"https:\/\/smartfloor.pt\/politica-de-privacidade\/\" target=\"_blank\">privacy policy<\/a><\/span><\/label><\/span><\/span><\/span>\n\t<\/p>\n\t<p><button type=\"submit\" class=\"aux-button\">SEND<\/button>\n\t<\/p>\n<\/div><div class=\"wpcf7-response-output\" aria-hidden=\"true\"><\/div>\n<\/form>\n<\/div>\n\n\n            <\/div><!-- aux-col-wrapper -->\n    <\/section><!-- widget-container -->\t\t<\/div>\n\t\t\t\t<\/div>\n\t\t\t\t\t\t<\/div>\n\t\t\t\t\t<\/div>\n\t\t<\/div>\n\t\t\t\t\t\t\t\t<\/div>\n\t\t\t\t\t<\/div>\n\t\t<\/section>\n\t\t\t\t\t\t<\/div>\n\t\t\t\t\t<\/div>\n\t\t<\/div>\n\t\t\t\t\t\t\t\t<\/div>\n\t\t\t\t\t<\/div>\n\t\t<\/section>\n\t\t\t\t<section class=\"elementor-section elementor-top-section elementor-element elementor-element-8ddfba3 contact_bottom elementor-section-stretched elementor-section-boxed elementor-section-height-default elementor-section-height-default\" data-id=\"8ddfba3\" data-element_type=\"section\" data-settings=\"{&quot;stretch_section&quot;:&quot;section-stretched&quot;}\">\n\t\t\t\t\t\t<div class=\"elementor-container elementor-column-gap-default\">\n\t\t\t\t\t\t\t<div class=\"elementor-row\">\n\t\t\t\t\t<div class=\"aux-parallax-section elementor-column elementor-col-20 elementor-top-column elementor-element elementor-element-3a00fdf contact_bottom_heading\" data-id=\"3a00fdf\" data-element_type=\"column\">\n\t\t\t<div class=\"elementor-column-wrap elementor-element-populated\">\n\t\t\t\t\t\t\t<div class=\"elementor-widget-wrap\">\n\t\t\t\t\t\t<div class=\"aux-scroll-anim elementor-element elementor-element-4ce6460 aux-appear-watch-animation aux-fade-in contact_box_rotate elementor-widget elementor-widget-aux_modern_heading\" data-move-in=\"moveHorizontal\" data-move-out=\"moveHorizontal\" data-axis-x=\"60\" data-axis-y=\"200\" data-rotate=\"90\" data-scale=\"1\" data-vp-top=\"0.5\" data-vp-bot=\"0.5\" data-el-top=\"0.2\" data-scroll-animation-off=\"1024\" data-id=\"4ce6460\" data-element_type=\"widget\" data-widget_type=\"aux_modern_heading.default\">\n\t\t\t\t<div class=\"elementor-widget-container\">\n\t\t\t<section class=\"aux-widget-modern-heading\">\n            <div class=\"aux-widget-inner\"><h2 class=\"aux-modern-heading-primary\">Contact us<\/h2><div class=\"aux-modern-heading-divider\"><\/div><\/div>\n        <\/section>\t\t<\/div>\n\t\t\t\t<\/div>\n\t\t\t\t\t\t<\/div>\n\t\t\t\t\t<\/div>\n\t\t<\/div>\n\t\t\t\t<div class=\"aux-parallax-section elementor-column elementor-col-20 elementor-top-column elementor-element elementor-element-b116751\" data-id=\"b116751\" data-element_type=\"column\">\n\t\t\t<div class=\"elementor-column-wrap elementor-element-populated\">\n\t\t\t\t\t\t\t<div class=\"elementor-widget-wrap\">\n\t\t\t\t\t\t<div class=\"elementor-element elementor-element-9c1d7d1 contact_box_hover elementor-widget elementor-widget-aux_modern_heading\" data-id=\"9c1d7d1\" data-element_type=\"widget\" data-widget_type=\"aux_modern_heading.default\">\n\t\t\t\t<div class=\"elementor-widget-container\">\n\t\t\t<section class=\"aux-widget-modern-heading\">\n            <div class=\"aux-widget-inner\"><span class=\"aux-modern-heading-primary\">Address<\/span><div class=\"aux-modern-heading-description\"><p>Rua Tanque Veiga n\u00ba 63<br>4705-279, Ferreiros<\/p><\/div><\/div>\n        <\/section>\t\t<\/div>\n\t\t\t\t<\/div>\n\t\t\t\t\t\t<\/div>\n\t\t\t\t\t<\/div>\n\t\t<\/div>\n\t\t\t\t<div class=\"aux-parallax-section elementor-column elementor-col-20 elementor-top-column elementor-element elementor-element-8358297\" data-id=\"8358297\" data-element_type=\"column\">\n\t\t\t<div class=\"elementor-column-wrap elementor-element-populated\">\n\t\t\t\t\t\t\t<div class=\"elementor-widget-wrap\">\n\t\t\t\t\t\t<div class=\"elementor-element elementor-element-a116fa6 contact_box_hover elementor-widget elementor-widget-aux_modern_heading\" data-id=\"a116fa6\" data-element_type=\"widget\" data-widget_type=\"aux_modern_heading.default\">\n\t\t\t\t<div class=\"elementor-widget-container\">\n\t\t\t<section class=\"aux-widget-modern-heading\">\n            <div class=\"aux-widget-inner\"><h2 class=\"aux-modern-heading-primary\">Telephone<\/h2><div class=\"aux-modern-heading-description\"><p>+351 253 092 906<\/p><p> <\/p><p> <\/p><p> <\/p><\/div><\/div>\n        <\/section>\t\t<\/div>\n\t\t\t\t<\/div>\n\t\t\t\t\t\t<\/div>\n\t\t\t\t\t<\/div>\n\t\t<\/div>\n\t\t\t\t<div class=\"aux-parallax-section elementor-column elementor-col-20 elementor-top-column elementor-element elementor-element-9347d94\" data-id=\"9347d94\" data-element_type=\"column\">\n\t\t\t<div class=\"elementor-column-wrap elementor-element-populated\">\n\t\t\t\t\t\t\t<div class=\"elementor-widget-wrap\">\n\t\t\t\t\t\t<div class=\"elementor-element elementor-element-3251281 contact_box_hover elementor-widget elementor-widget-aux_modern_heading\" data-id=\"3251281\" data-element_type=\"widget\" data-widget_type=\"aux_modern_heading.default\">\n\t\t\t\t<div class=\"elementor-widget-container\">\n\t\t\t<section class=\"aux-widget-modern-heading\">\n            <div class=\"aux-widget-inner\"><h2 class=\"aux-modern-heading-primary\">Email<\/h2><div class=\"aux-modern-heading-description\"><p>geral@smartfloor.pt<\/p><p> <\/p><p> <\/p><p> <\/p><p> <\/p><p> <\/p><p> <\/p><\/div><\/div>\n        <\/section>\t\t<\/div>\n\t\t\t\t<\/div>\n\t\t\t\t\t\t<\/div>\n\t\t\t\t\t<\/div>\n\t\t<\/div>\n\t\t\t\t<div class=\"aux-parallax-section elementor-column elementor-col-20 elementor-top-column elementor-element elementor-element-5241a28\" data-id=\"5241a28\" data-element_type=\"column\">\n\t\t\t<div class=\"elementor-column-wrap elementor-element-populated\">\n\t\t\t\t\t\t\t<div class=\"elementor-widget-wrap\">\n\t\t\t\t\t\t<div class=\"elementor-element elementor-element-d7a0db8 contact_box_hover elementor-widget elementor-widget-aux_modern_heading\" data-id=\"d7a0db8\" data-element_type=\"widget\" data-widget_type=\"aux_modern_heading.default\">\n\t\t\t\t<div class=\"elementor-widget-container\">\n\t\t\t<section class=\"aux-widget-modern-heading\">\n            <div class=\"aux-widget-inner\"><h2 class=\"aux-modern-heading-primary\">Information<\/h2><div class=\"aux-modern-heading-description\"><strong>Licence No<\/strong>. 95083-PUB\n<strong>Corporate Tax ID No.: <\/strong>: 515 843 580<\/div><\/div>\n        <\/section>\t\t<\/div>\n\t\t\t\t<\/div>\n\t\t\t\t\t\t<\/div>\n\t\t\t\t\t<\/div>\n\t\t<\/div>\n\t\t\t\t\t\t\t\t<\/div>\n\t\t\t\t\t<\/div>\n\t\t<\/section>\n\t\t\t\t\t\t\t\t\t<\/div>\n\t\t\t<\/div>\n\t\t\t\t\t<\/div>\n\t\t","protected":false},"excerpt":{"rendered":"<p>Contact Form Selecionar Op\u00e7\u00e3oPedir Or\u00e7amentoSolicitar Informa\u00e7\u00e3o Nome (Obrigat\u00f3rio) Telefone E-mail (Obrigat\u00f3rio) Mensagem Ao enviar este formul\u00e1rio, est\u00e1 a aceitar a nossa pol\u00edtica de privacidade ENVIAR Contact us Address Rua Tanque Veiga n\u00ba 634705-279, Ferreiros Telephone +351 253 092 906 Email geral@smartfloor.pt Information Licence No. 95083-PUB Corporate Tax ID No.: : 515 843 580<\/p>\n","protected":false},"author":1,"featured_media":0,"parent":0,"menu_order":0,"comment_status":"closed","ping_status":"closed","template":"","meta":{"footnotes":""},"class_list":["post-4944","page","type-page","status-publish","hentry"],"_links":{"self":[{"href":"https:\/\/smartfloor.pt\/en\/wp-json\/wp\/v2\/pages\/4944","targetHints":{"allow":["GET"]}}],"collection":[{"href":"https:\/\/smartfloor.pt\/en\/wp-json\/wp\/v2\/pages"}],"about":[{"href":"https:\/\/smartfloor.pt\/en\/wp-json\/wp\/v2\/types\/page"}],"author":[{"embeddable":true,"href":"https:\/\/smartfloor.pt\/en\/wp-json\/wp\/v2\/users\/1"}],"replies":[{"embeddable":true,"href":"https:\/\/smartfloor.pt\/en\/wp-json\/wp\/v2\/comments?post=4944"}],"version-history":[{"count":45,"href":"https:\/\/smartfloor.pt\/en\/wp-json\/wp\/v2\/pages\/4944\/revisions"}],"predecessor-version":[{"id":6157,"href":"https:\/\/smartfloor.pt\/en\/wp-json\/wp\/v2\/pages\/4944\/revisions\/6157"}],"wp:attachment":[{"href":"https:\/\/smartfloor.pt\/en\/wp-json\/wp\/v2\/media?parent=4944"}],"curies":[{"name":"wp","href":"https:\/\/api.w.org\/{rel}","templated":true}]}}